{"id":215,"date":"2020-04-29T11:33:00","date_gmt":"2020-04-29T09:33:00","guid":{"rendered":"http:\/\/www.campocoprint.nl\/?page_id=215"},"modified":"2021-08-13T12:16:04","modified_gmt":"2021-08-13T10:16:04","slug":"sustainability","status":"publish","type":"page","link":"https:\/\/www.campocoprint.nl\/nl\/sustainability\/","title":{"rendered":"Sustainability"},"content":{"rendered":"<style>#kt-layout-id_b3af84-5e > .kt-row-column-wrap{align-content:start;}:where(#kt-layout-id_b3af84-5e > .kt-row-column-wrap) > .wp-block-kadence-column{justify-content:start;}#kt-layout-id_b3af84-5e > .kt-row-column-wrap{column-gap:var(--global-kb-gap-md, 2rem);row-gap:var(--global-kb-gap-md, 2rem);padding-top:25px;padding-bottom:25px;padding-top:300px;grid-template-columns:minmax(0, 1fr);}#kt-layout-id_b3af84-5e{background-image:url('http:\/\/www.campocoprint.nl\/wp-content\/uploads\/2021\/08\/DSC04409-scaled.jpg');background-size:auto;background-position:49% 24%;background-attachment:scroll;background-repeat:no-repeat;}#kt-layout-id_b3af84-5e > .kt-row-layout-overlay{opacity:0.00;}#kt-layout-id_b3af84-5e .kt-row-layout-bottom-sep{height:100px;}#kt-layout-id_b3af84-5e .kt-row-layout-bottom-sep svg{width:100%;}#kt-layout-id_b3af84-5e .kt-row-layout-bottom-sep svg{fill:#ffffff!important;}@media all and (max-width: 1024px){#kt-layout-id_b3af84-5e > .kt-row-column-wrap{grid-template-columns:minmax(0, 1fr);}}@media all and (max-width: 1024px){#kt-layout-id_b3af84-5e .kt-row-layout-bottom-sep{height:px;}}@media all and (max-width: 1024px){#kt-layout-id_b3af84-5e .kt-row-layout-bottom-sep svg{width:%;}}@media all and (max-width: 767px){#kt-layout-id_b3af84-5e > .kt-row-column-wrap{grid-template-columns:minmax(0, 1fr);}#kt-layout-id_b3af84-5e .kt-row-layout-bottom-sep{height:px;}#kt-layout-id_b3af84-5e .kt-row-layout-bottom-sep svg{width:%;}}<\/style>\n<div class=\"wp-block-kadence-rowlayout alignnone\"><div id=\"kt-layout-id_b3af84-5e\" class=\"kt-row-layout-inner kt-row-has-bg kt-layout-id_b3af84-5e\"><div class=\"kt-row-column-wrap kt-has-1-columns kt-gutter-default kt-v-gutter-default kt-row-valign-top kt-row-layout-equal kt-tab-layout-inherit kt-m-colapse-left-to-right kt-mobile-layout-row\"><style>.kadence-column_06b10c-29 > .kt-inside-inner-col{border-top-width:0px;border-right-width:0px;border-bottom-width:0px;border-left-width:0px;}.kadence-column_06b10c-29 > .kt-inside-inner-col,.kadence-column_06b10c-29 > .kt-inside-inner-col:before{border-top-left-radius:0px;border-top-right-radius:0px;border-bottom-right-radius:0px;border-bottom-left-radius:0px;}.kadence-column_06b10c-29 > .kt-inside-inner-col:before{opacity:0.3;}.kadence-column_06b10c-29{position:relative;}<\/style>\n<div class=\"wp-block-kadence-column inner-column-1 kadence-column_06b10c-29\"><div class=\"kt-inside-inner-col\"><\/div><\/div>\n<\/div><\/div><\/div>\n\n\n<style>#kt-layout-id_278511-0e > .kt-row-column-wrap{align-content:start;}:where(#kt-layout-id_278511-0e > .kt-row-column-wrap) > .wp-block-kadence-column{justify-content:start;}#kt-layout-id_278511-0e > .kt-row-column-wrap{column-gap:var(--global-kb-gap-md, 2rem);row-gap:var(--global-kb-gap-md, 2rem);padding-top:25px;padding-bottom:25px;padding-top:var(--global-kb-spacing-sm, 1.5rem);padding-bottom:var(--global-kb-spacing-sm, 1.5rem);grid-template-columns:minmax(0, 1fr);}#kt-layout-id_278511-0e > .kt-row-layout-overlay{opacity:0.30;}@media all and (max-width: 1024px){#kt-layout-id_278511-0e > .kt-row-column-wrap{grid-template-columns:minmax(0, 1fr);}}@media all and (max-width: 767px){#kt-layout-id_278511-0e > .kt-row-column-wrap{grid-template-columns:minmax(0, 1fr);}}<\/style>\n<div class=\"wp-block-kadence-rowlayout alignnone\"><div id=\"kt-layout-id_278511-0e\" class=\"kt-row-layout-inner kt-layout-id_278511-0e\"><div class=\"kt-row-column-wrap kt-has-1-columns kt-gutter-default kt-v-gutter-default kt-row-valign-top kt-row-layout-equal kt-tab-layout-inherit kt-m-colapse-left-to-right kt-mobile-layout-row\"><style>.kadence-column_f51477-c1 > .kt-inside-inner-col{border-top-width:0px;border-right-width:0px;border-bottom-width:0px;border-left-width:0px;}.kadence-column_f51477-c1 > .kt-inside-inner-col,.kadence-column_f51477-c1 > .kt-inside-inner-col:before{border-top-left-radius:0px;border-top-right-radius:0px;border-bottom-right-radius:0px;border-bottom-left-radius:0px;}.kadence-column_f51477-c1 > .kt-inside-inner-col:before{opacity:0.3;}.kadence-column_f51477-c1{position:relative;}<\/style>\n<div class=\"wp-block-kadence-column inner-column-1 kadence-column_f51477-c1\"><div class=\"kt-inside-inner-col\"><\/div><\/div>\n<\/div><\/div><\/div>\n\n\n\n<p>Transferdruk is \u00e9\u00e9n van de meest duurzame manieren om textiel te bedrukken. Er wordt vrijwel geen water gebruikt bij dit proced\u00e9 en er is geen nabehandeling nodig na het drukken. Het belangrijkste afvalproduct (het afgedrukte papier) kan worden hergebruikt als verpakkingsmateriaal of afdekpapier voordat het wordt gerecycled. Kleinere hoeveelheden papier afval worden direct in de papier industrie  hergebruikt.<\/p>\n\n\n\n<p>De inkten die we gebruiken zijn allemaal wateroplosbaar om zo de impact op het milieu te minimaliseren. En het verlies aan doek is minimaal door het controleren van het papier voor de print. Het gebruik van gerecyclede polyesters is geen enkel probleem.<\/p>\n\n\n\n<p>Digitaal druk is in dit verband helemaal van belang. Bij dit proces worden geen gas drogers meer gebruikt, waardoor CO2 uitstoot wordt gereduceerd. Bovendien zijn er geen rest-inkten meer na afloop van een productie run en het papier verlies tussen twee prints kan tot nul worden gereduceerd. Bovendien hoef je bij digitaal druk geen matrijzen schoon te maken dus wordt er geen water meer gebruikt tijdens het druk proces.<\/p>","protected":false},"excerpt":{"rendered":"<p>Transferprinting is one of the most sustainable ways to print fabric. The process uses nearly no water and requires no post-treatment of the fabrics after printing. It\u2019s main waste product (the used print paper) can be reused as packaging or &hellip; <a href=\"https:\/\/www.campocoprint.nl\/nl\/sustainability\/\">Vervolgd<\/a><\/p>","protected":false},"author":1,"featured_media":0,"parent":0,"menu_order":0,"comment_status":"closed","ping_status":"closed","template":"","meta":{"kt_blocks_editor_width":"","footnotes":""},"_links":{"self":[{"href":"https:\/\/www.campocoprint.nl\/nl\/wp-json\/wp\/v2\/pages\/215"}],"collection":[{"href":"https:\/\/www.campocoprint.nl\/nl\/wp-json\/wp\/v2\/pages"}],"about":[{"href":"https:\/\/www.campocoprint.nl\/nl\/wp-json\/wp\/v2\/types\/page"}],"author":[{"embeddable":true,"href":"https:\/\/www.campocoprint.nl\/nl\/wp-json\/wp\/v2\/users\/1"}],"replies":[{"embeddable":true,"href":"https:\/\/www.campocoprint.nl\/nl\/wp-json\/wp\/v2\/comments?post=215"}],"version-history":[{"count":0,"href":"https:\/\/www.campocoprint.nl\/nl\/wp-json\/wp\/v2\/pages\/215\/revisions"}],"wp:attachment":[{"href":"https:\/\/www.campocoprint.nl\/nl\/wp-json\/wp\/v2\/media?parent=215"}],"curies":[{"name":"wp","href":"https:\/\/api.w.org\/{rel}","templated":true}]}}